{"id":403,"date":"2023-04-03T07:49:47","date_gmt":"2023-04-03T07:49:47","guid":{"rendered":"https:\/\/avainmuutto.fi\/?page_id=403"},"modified":"2025-03-12T18:00:32","modified_gmt":"2025-03-12T16:00:32","slug":"yrityksemme","status":"publish","type":"page","link":"https:\/\/avainmuutto.fi\/?page_id=403","title":{"rendered":"Hinnasto"},"content":{"rendered":"\n<figure class=\"wp-block-table\"><table><tbody><tr><td><\/td><td>1 kpl<\/td><td>2 kpl<\/td><\/tr><tr><td>Auto<\/td><td>40 \u20ac\/h<\/td><td>35 \u20ac\/h<\/td><\/tr><tr><td>Muuttomies<\/td><td>40 \u20ac\/h<\/td><td>35 \u20ac\/h<\/td><\/tr><\/tbody><\/table><figcaption class=\"wp-element-caption\">+ ALV 25,5%<\/figcaption><\/figure>\n\n\n\n<div class=\"wp-block-group is-layout-constrained wp-block-group-is-layout-constrained\" style=\"margin-top:0;margin-bottom:0;padding-top:var(--wp--preset--spacing--30);padding-right:var(--wp--preset--spacing--30);padding-bottom:var(--wp--preset--spacing--30);padding-left:var(--wp--preset--spacing--30)\">\n<div class=\"wp-block-group is-layout-constrained wp-block-group-is-layout-constrained\" style=\"margin-top:0;margin-bottom:0;padding-top:var(--wp--preset--spacing--30);padding-right:var(--wp--preset--spacing--30);padding-bottom:var(--wp--preset--spacing--30);padding-left:var(--wp--preset--spacing--30)\">\n<ul class=\"wp-block-list\">\n<li>Auton kuormatilavuus 40m\u00b3<\/li>\n\n\n\n<li>Min. Veloitus 2h<\/li>\n\n\n\n<li>Suojaus ja pakkausmateriaalit sis\u00e4ltyy hintaan<\/li>\n\n\n\n<li>Saatavilla 2 kuorma-autoa ja pakettiauto<\/li>\n\n\n\n<li>Laskutuksemme alkaa kun saavumme kuormaus kohteeseen.<\/li>\n\n\n\n<li>Laskutuksemme p\u00e4\u00e4ttyy kun kuorma on purettu ja olemme valmiit poistumaan.<\/li>\n\n\n\n<li>Kohteiden v\u00e4limatkojen ollessa pitki\u00e4 tulevat lis\u00e4ksi lakis\u00e4\u00e4teiset tauot ja mahdolliset y\u00f6pymiskustanteet matkalla.<br><br><em>( Tuntihinta kuin my\u00f6s urakkahinta sis.kaikki kustanteet. Ei piilokuluja kuten diesel kuluja yms.) My\u00f6s suojaus materiaalit sis. hintaan.<\/em><\/li>\n<\/ul>\n<\/div>\n<\/div>\n\n\n\n<hr class=\"wp-block-separator has-alpha-channel-opacity is-style-wide\"\/>\n\n\n\n<div class=\"wp-block-group is-layout-constrained wp-block-group-is-layout-constrained\">\n<div class=\"wp-block-media-text alignwide has-media-on-the-right is-stacked-on-mobile\" style=\"grid-template-columns:auto 48%\"><div class=\"wp-block-media-text__content\">\n<p><strong>Yhden kantavan henkil\u00f6n tarjous:<\/strong><\/p>\n\n\n\n<p>40\u20ac\/h Kuljettaja. (Osallistuu aina kantamiseen)<\/p>\n\n\n\n<p>Kuljettaja + pakettiauto 60\u20ac\/h+Alv.25,5%=75,30\u20ac\/h<\/p>\n\n\n\n<p>Kuljettaja + pakettiauto sek\u00e4 per\u00e4k\u00e4rry (vaihtoehto soveltuu yksi\u00f6n\/pienen kaksion max. 50 neli\u00f6\u00f6n asti) 70\u20ac\/h+Alv.25,5%=87,90\u20ac\/h<\/p>\n\n\n\n<p>Kuljettaja + kuorma-auto 80\u20ac\/h+Alv25,5%=100,40\u20ac\/h<\/p>\n\n\n\n<p>Minimiveloitus on 2 tuntia. Suojaus- ja pakkausmateriaalit sis\u00e4ltyy hintaan.<\/p>\n\n\n\n<p>Laskutuksemme alkaa, kun saavumme kuormaus kohteeseen.<\/p>\n\n\n\n<p>Laskutuksemme p\u00e4\u00e4ttyy, kun kuorma on purettu ja olemme valmiit poistumaan.<\/p>\n\n\n\n<p>Kohteiden v\u00e4limatkojen ollessa pitki\u00e4 tulevat lis\u00e4ksi lakis\u00e4\u00e4teiset tauot ja mahdolliset y\u00f6pymiskustanteet matkalla.<\/p>\n\n\n\n<p>(<em>Tuntihinta kuin my\u00f6s urakkahinta sis.kaikki kustanteet. Ei piilokuluja kuten diesel kuluja yms.)<\/em> <em>My\u00f6s suojaus materiaalit sis. hintaan.<\/em><\/p>\n<\/div><figure class=\"wp-block-media-text__media\"><img decoding=\"async\" src=\"https:\/\/212.213.64.190\/muutto\/wordpress\/wp-content\/uploads\/2024\/11\/1000007547-576x1024.jpg\" alt=\"\" class=\"wp-image-851 size-full\"\/><\/figure><\/div>\n<\/div>\n\n\n\n<div class=\"wp-block-group is-layout-constrained wp-block-group-is-layout-constrained\">\n<div class=\"wp-block-media-text has-media-on-the-right is-stacked-on-mobile\" style=\"grid-template-columns:auto 48%\"><div class=\"wp-block-media-text__content\">\n<p><strong>Kahden muuttohenkil\u00f6n tarjous:<\/strong><\/p>\n\n\n\n<p>35\u20ac\/h per kantava henkil\u00f6 (joista toinen aina kuljettaja)<\/p>\n\n\n\n<p>2 kantajaa + pakettiauto 85\u20ac\/h + Alv.25,5%=106,70\u20ac\/h<\/p>\n\n\n\n<p>2 kantajaa + pakettiauto sek\u00e4 per\u00e4k\u00e4rry (vaihtoehto soveltuu yksi\u00f6n\/pienen kaksion n.50 neli\u00f6\u00f6n asti) 95\u20ac\/h + Alv.25,5%=119,20\u20ac\/h<\/p>\n\n\n\n<p>2 kantajaa + kuorma-auto 105\u20ac\/h + Alv.25,5%=131,78\u20ac\/h<\/p>\n\n\n\n<p>Minimiveloitus on 2 tuntia. Suojaus- ja pakkausmateriaalit sis\u00e4ltyy hintaan.<\/p>\n\n\n\n<p>Laskutuksemme alkaa kun saavumme kuormaus kohteeseen.<\/p>\n\n\n\n<p>Laskutuksemme p\u00e4\u00e4ttyy kun kuorma on purettu ja olemme valmiit poistumaan.<\/p>\n\n\n\n<p>Kohteiden v\u00e4limatkojen ollessa pitki\u00e4 tulevat lis\u00e4ksi lakis\u00e4\u00e4teiset tauot ja mahdolliset y\u00f6pymiskustanteet matkalla.<\/p>\n\n\n\n<p>(<em>Tuntihinta kuin my\u00f6s urakkahinta sis.kaikki kustanteet. Ei piilokuluja kuten diesel kuluja yms. )<\/em> <em>My\u00f6s suojaus materiaalit sis. hintaan.<\/em><\/p>\n<\/div><figure class=\"wp-block-media-text__media\"><img decoding=\"async\" src=\"https:\/\/212.213.64.190\/muutto\/wordpress\/wp-content\/uploads\/2024\/11\/1000007571-576x1024.jpg\" alt=\"\" class=\"wp-image-852 size-full\"\/><\/figure><\/div>\n<\/div>\n\n\n\n<div class=\"wp-block-group is-layout-constrained wp-block-group-is-layout-constrained\">\n<div class=\"wp-block-media-text has-media-on-the-right is-stacked-on-mobile\" style=\"grid-template-columns:auto 48%\"><div class=\"wp-block-media-text__content\">\n<p>Kuljetamme tavaranne k\u00e4tev\u00e4sti kaikki yhdell\u00e4 kertaa kuorma-autollamme, MAN 7.150, jossa on per\u00e4lautanostin ja umpikori. Auton kuormatilavuus on 40m\u00b3 (suosittelen kokemuksen perusteella k\u00e4ytt\u00e4m\u00e4\u00e4n t\u00e4t\u00e4 vaihtoehtoa my\u00f6s pienempiin muuttoihin, jolloin tavarat mahtuvat v\u00e4ljemmin ja v\u00e4ltyt\u00e4\u00e4n kolhuilta ja rikkoontumisilta).<\/p>\n<\/div><figure class=\"wp-block-media-text__media\"><img loading=\"lazy\" decoding=\"async\" width=\"825\" height=\"661\" src=\"https:\/\/avainmuutto.fi\/wp-content\/uploads\/2023\/04\/aeec4376-7518-4276-96e0-ff5929064c30.jpg\" alt=\"\" class=\"wp-image-715 size-full\" srcset=\"https:\/\/avainmuutto.fi\/wp-content\/uploads\/2023\/04\/aeec4376-7518-4276-96e0-ff5929064c30.jpg 825w, https:\/\/avainmuutto.fi\/wp-content\/uploads\/2023\/04\/aeec4376-7518-4276-96e0-ff5929064c30-300x240.jpg 300w, https:\/\/avainmuutto.fi\/wp-content\/uploads\/2023\/04\/aeec4376-7518-4276-96e0-ff5929064c30-768x615.jpg 768w\" sizes=\"(max-width: 825px) 100vw, 825px\" \/><\/figure><\/div>\n<\/div>\n\n\n\n<p style=\"margin-top:0;margin-right:0;margin-bottom:0;margin-left:0;padding-top:var(--wp--preset--spacing--50);padding-right:var(--wp--preset--spacing--50);padding-bottom:var(--wp--preset--spacing--50);padding-left:var(--wp--preset--spacing--50)\">Lis\u00e4ksi tarjoamme kahden kuorma-auton ja pakettiautopalvelun. Toivoisimme, ett\u00e4 ilmoittaisitte meille kotiel\u00e4imist\u00e4, jotta emme laittaisi allergista ty\u00f6ntekij\u00e4\u00e4 muuttoonne\/kuljetukseen. <\/p>\n\n\n\n<p style=\"margin-top:0;margin-right:0;margin-bottom:0;margin-left:0;padding-top:var(--wp--preset--spacing--40);padding-right:var(--wp--preset--spacing--40);padding-bottom:var(--wp--preset--spacing--40);padding-left:var(--wp--preset--spacing--40)\">Yst\u00e4v\u00e4llisin terveisin, Avainmuutto &amp; Kuljetus<\/p>\n\n\n\n<hr class=\"wp-block-separator has-alpha-channel-opacity is-style-wide\"\/>\n","protected":false},"excerpt":{"rendered":"<p>1 kpl 2 kpl Auto 40 \u20ac\/h 35 \u20ac\/h Muuttomies 40 \u20ac\/h 35 \u20ac\/h + [&hellip;]<\/p>\n","protected":false},"author":1,"featured_media":0,"parent":0,"menu_order":0,"comment_status":"closed","ping_status":"closed","template":"","meta":{"footnotes":""},"yoast_head":"<!-- This site is optimized with the Yoast SEO plugin v23.5 - https:\/\/yoast.com\/wordpress\/plugins\/seo\/ -->\n<title>Hinnasto - Avainmuutto ja Kuljetus<\/title>\n<meta name=\"robots\" content=\"index, follow, max-snippet:-1, max-image-preview:large, max-video-preview:-1\" \/>\n<link rel=\"canonical\" href=\"https:\/\/avainmuutto.fi\/?page_id=403\" \/>\n<meta property=\"og:locale\" content=\"fi_FI\" \/>\n<meta property=\"og:type\" content=\"article\" \/>\n<meta property=\"og:title\" content=\"Hinnasto - Avainmuutto ja Kuljetus\" \/>\n<meta property=\"og:description\" content=\"1 kpl 2 kpl Auto 40 \u20ac\/h 35 \u20ac\/h Muuttomies 40 \u20ac\/h 35 \u20ac\/h + [&hellip;]\" \/>\n<meta property=\"og:url\" content=\"https:\/\/avainmuutto.fi\/?page_id=403\" \/>\n<meta property=\"og:site_name\" content=\"Avainmuutto ja Kuljetus\" \/>\n<meta property=\"article:publisher\" content=\"https:\/\/www.facebook.com\/avainmuutto.kuljetus\" \/>\n<meta property=\"article:modified_time\" content=\"2025-03-12T16:00:32+00:00\" \/>\n<meta property=\"og:image\" content=\"https:\/\/212.213.64.190\/muutto\/wordpress\/wp-content\/uploads\/2024\/11\/1000007547-576x1024.jpg\" \/>\n<meta name=\"twitter:card\" content=\"summary_large_image\" \/>\n<meta name=\"twitter:label1\" content=\"Arvioitu lukuaika\" \/>\n\t<meta name=\"twitter:data1\" content=\"3 minuuttia\" \/>\n<script type=\"application\/ld+json\" class=\"yoast-schema-graph\">{\"@context\":\"https:\/\/schema.org\",\"@graph\":[{\"@type\":\"WebPage\",\"@id\":\"https:\/\/avainmuutto.fi\/?page_id=403\",\"url\":\"https:\/\/avainmuutto.fi\/?page_id=403\",\"name\":\"Hinnasto - Avainmuutto ja Kuljetus\",\"isPartOf\":{\"@id\":\"https:\/\/avainmuutto.fi\/#website\"},\"primaryImageOfPage\":{\"@id\":\"https:\/\/avainmuutto.fi\/?page_id=403#primaryimage\"},\"image\":{\"@id\":\"https:\/\/avainmuutto.fi\/?page_id=403#primaryimage\"},\"thumbnailUrl\":\"https:\/\/212.213.64.190\/muutto\/wordpress\/wp-content\/uploads\/2024\/11\/1000007547-576x1024.jpg\",\"datePublished\":\"2023-04-03T07:49:47+00:00\",\"dateModified\":\"2025-03-12T16:00:32+00:00\",\"breadcrumb\":{\"@id\":\"https:\/\/avainmuutto.fi\/?page_id=403#breadcrumb\"},\"inLanguage\":\"fi\",\"potentialAction\":[{\"@type\":\"ReadAction\",\"target\":[\"https:\/\/avainmuutto.fi\/?page_id=403\"]}]},{\"@type\":\"ImageObject\",\"inLanguage\":\"fi\",\"@id\":\"https:\/\/avainmuutto.fi\/?page_id=403#primaryimage\",\"url\":\"https:\/\/212.213.64.190\/muutto\/wordpress\/wp-content\/uploads\/2024\/11\/1000007547-576x1024.jpg\",\"contentUrl\":\"https:\/\/212.213.64.190\/muutto\/wordpress\/wp-content\/uploads\/2024\/11\/1000007547-576x1024.jpg\"},{\"@type\":\"BreadcrumbList\",\"@id\":\"https:\/\/avainmuutto.fi\/?page_id=403#breadcrumb\",\"itemListElement\":[{\"@type\":\"ListItem\",\"position\":1,\"name\":\"Home\",\"item\":\"https:\/\/avainmuutto.fi\/\"},{\"@type\":\"ListItem\",\"position\":2,\"name\":\"Hinnasto\"}]},{\"@type\":\"WebSite\",\"@id\":\"https:\/\/avainmuutto.fi\/#website\",\"url\":\"https:\/\/avainmuutto.fi\/\",\"name\":\"Avainmuutto ja Kuljetus\",\"description\":\"Avainmuutto ja Kuljetus\",\"publisher\":{\"@id\":\"https:\/\/avainmuutto.fi\/#organization\"},\"potentialAction\":[{\"@type\":\"SearchAction\",\"target\":{\"@type\":\"EntryPoint\",\"urlTemplate\":\"https:\/\/avainmuutto.fi\/?s={search_term_string}\"},\"query-input\":{\"@type\":\"PropertyValueSpecification\",\"valueRequired\":true,\"valueName\":\"search_term_string\"}}],\"inLanguage\":\"fi\"},{\"@type\":\"Organization\",\"@id\":\"https:\/\/avainmuutto.fi\/#organization\",\"name\":\"Avainmuutto ja Kuljetus\",\"url\":\"https:\/\/avainmuutto.fi\/\",\"logo\":{\"@type\":\"ImageObject\",\"inLanguage\":\"fi\",\"@id\":\"https:\/\/avainmuutto.fi\/#\/schema\/logo\/image\/\",\"url\":\"https:\/\/avainmuutto.fi\/wp-content\/uploads\/2023\/04\/avaimet.png\",\"contentUrl\":\"https:\/\/avainmuutto.fi\/wp-content\/uploads\/2023\/04\/avaimet.png\",\"width\":320,\"height\":268,\"caption\":\"Avainmuutto ja Kuljetus\"},\"image\":{\"@id\":\"https:\/\/avainmuutto.fi\/#\/schema\/logo\/image\/\"},\"sameAs\":[\"https:\/\/www.facebook.com\/avainmuutto.kuljetus\",\"https:\/\/www.instagram.com\/avainmuutto\/\"]}]}<\/script>\n<!-- \/ Yoast SEO plugin. -->","yoast_head_json":{"title":"Hinnasto - Avainmuutto ja Kuljetus","robots":{"index":"index","follow":"follow","max-snippet":"max-snippet:-1","max-image-preview":"max-image-preview:large","max-video-preview":"max-video-preview:-1"},"canonical":"https:\/\/avainmuutto.fi\/?page_id=403","og_locale":"fi_FI","og_type":"article","og_title":"Hinnasto - Avainmuutto ja Kuljetus","og_description":"1 kpl 2 kpl Auto 40 \u20ac\/h 35 \u20ac\/h Muuttomies 40 \u20ac\/h 35 \u20ac\/h + [&hellip;]","og_url":"https:\/\/avainmuutto.fi\/?page_id=403","og_site_name":"Avainmuutto ja Kuljetus","article_publisher":"https:\/\/www.facebook.com\/avainmuutto.kuljetus","article_modified_time":"2025-03-12T16:00:32+00:00","og_image":[{"url":"https:\/\/212.213.64.190\/muutto\/wordpress\/wp-content\/uploads\/2024\/11\/1000007547-576x1024.jpg"}],"twitter_card":"summary_large_image","twitter_misc":{"Arvioitu lukuaika":"3 minuuttia"},"schema":{"@context":"https:\/\/schema.org","@graph":[{"@type":"WebPage","@id":"https:\/\/avainmuutto.fi\/?page_id=403","url":"https:\/\/avainmuutto.fi\/?page_id=403","name":"Hinnasto - Avainmuutto ja Kuljetus","isPartOf":{"@id":"https:\/\/avainmuutto.fi\/#website"},"primaryImageOfPage":{"@id":"https:\/\/avainmuutto.fi\/?page_id=403#primaryimage"},"image":{"@id":"https:\/\/avainmuutto.fi\/?page_id=403#primaryimage"},"thumbnailUrl":"https:\/\/212.213.64.190\/muutto\/wordpress\/wp-content\/uploads\/2024\/11\/1000007547-576x1024.jpg","datePublished":"2023-04-03T07:49:47+00:00","dateModified":"2025-03-12T16:00:32+00:00","breadcrumb":{"@id":"https:\/\/avainmuutto.fi\/?page_id=403#breadcrumb"},"inLanguage":"fi","potentialAction":[{"@type":"ReadAction","target":["https:\/\/avainmuutto.fi\/?page_id=403"]}]},{"@type":"ImageObject","inLanguage":"fi","@id":"https:\/\/avainmuutto.fi\/?page_id=403#primaryimage","url":"https:\/\/212.213.64.190\/muutto\/wordpress\/wp-content\/uploads\/2024\/11\/1000007547-576x1024.jpg","contentUrl":"https:\/\/212.213.64.190\/muutto\/wordpress\/wp-content\/uploads\/2024\/11\/1000007547-576x1024.jpg"},{"@type":"BreadcrumbList","@id":"https:\/\/avainmuutto.fi\/?page_id=403#breadcrumb","itemListElement":[{"@type":"ListItem","position":1,"name":"Home","item":"https:\/\/avainmuutto.fi\/"},{"@type":"ListItem","position":2,"name":"Hinnasto"}]},{"@type":"WebSite","@id":"https:\/\/avainmuutto.fi\/#website","url":"https:\/\/avainmuutto.fi\/","name":"Avainmuutto ja Kuljetus","description":"Avainmuutto ja Kuljetus","publisher":{"@id":"https:\/\/avainmuutto.fi\/#organization"},"potentialAction":[{"@type":"SearchAction","target":{"@type":"EntryPoint","urlTemplate":"https:\/\/avainmuutto.fi\/?s={search_term_string}"},"query-input":{"@type":"PropertyValueSpecification","valueRequired":true,"valueName":"search_term_string"}}],"inLanguage":"fi"},{"@type":"Organization","@id":"https:\/\/avainmuutto.fi\/#organization","name":"Avainmuutto ja Kuljetus","url":"https:\/\/avainmuutto.fi\/","logo":{"@type":"ImageObject","inLanguage":"fi","@id":"https:\/\/avainmuutto.fi\/#\/schema\/logo\/image\/","url":"https:\/\/avainmuutto.fi\/wp-content\/uploads\/2023\/04\/avaimet.png","contentUrl":"https:\/\/avainmuutto.fi\/wp-content\/uploads\/2023\/04\/avaimet.png","width":320,"height":268,"caption":"Avainmuutto ja Kuljetus"},"image":{"@id":"https:\/\/avainmuutto.fi\/#\/schema\/logo\/image\/"},"sameAs":["https:\/\/www.facebook.com\/avainmuutto.kuljetus","https:\/\/www.instagram.com\/avainmuutto\/"]}]}},"_links":{"self":[{"href":"https:\/\/avainmuutto.fi\/index.php?rest_route=\/wp\/v2\/pages\/403"}],"collection":[{"href":"https:\/\/avainmuutto.fi\/index.php?rest_route=\/wp\/v2\/pages"}],"about":[{"href":"https:\/\/avainmuutto.fi\/index.php?rest_route=\/wp\/v2\/types\/page"}],"author":[{"embeddable":true,"href":"https:\/\/avainmuutto.fi\/index.php?rest_route=\/wp\/v2\/users\/1"}],"replies":[{"embeddable":true,"href":"https:\/\/avainmuutto.fi\/index.php?rest_route=%2Fwp%2Fv2%2Fcomments&post=403"}],"version-history":[{"count":48,"href":"https:\/\/avainmuutto.fi\/index.php?rest_route=\/wp\/v2\/pages\/403\/revisions"}],"predecessor-version":[{"id":1208,"href":"https:\/\/avainmuutto.fi\/index.php?rest_route=\/wp\/v2\/pages\/403\/revisions\/1208"}],"wp:attachment":[{"href":"https:\/\/avainmuutto.fi\/index.php?rest_route=%2Fwp%2Fv2%2Fmedia&parent=403"}],"curies":[{"name":"wp","href":"https:\/\/api.w.org\/{rel}","templated":true}]}}